{"id":967,"date":"2019-03-15T07:27:33","date_gmt":"2019-03-15T07:27:33","guid":{"rendered":"http:\/\/localhost\/consultax\/?page_id=967"},"modified":"2024-10-02T10:44:15","modified_gmt":"2024-10-02T10:44:15","slug":"contact-us","status":"publish","type":"page","link":"https:\/\/hellostudio.al\/en\/contact-us\/","title":{"rendered":"Contact us"},"content":{"rendered":"<div class=\"wpb-content-wrapper\"><section class=\"wpb_row vc_row-fluid section-padd\"><div class=\"container\"><div class=\"vc_row\"><div class=\"wpb_column vc_column_container vc_col-sm-12 vc_col-md-8\"><div class=\"vc_column-inner\"><div class=\"wpb_wrapper\">\n    <div class=\"section-head\">\n                    <h6><span>Forma e Kontaktit<\/span><\/h6>\n                <h2 class=\"section-title\">Si mund t\u00eb ju ndihmojm\u00eb?<\/h2>\n            <\/div>\n\n<div class=\"vc_empty_space\"   style=\"height: 12px\"><span class=\"vc_empty_space_inner\"><\/span><\/div>\n<div class=\"wpcf7 no-js\" id=\"wpcf7-f1128-o1\" lang=\"en-US\" dir=\"ltr\">\n<div class=\"screen-reader-response\"><p role=\"status\" aria-live=\"polite\" aria-atomic=\"true\"><\/p> <ul><\/ul><\/div>\n<form action=\"\/en\/wp-json\/wp\/v2\/pages\/967#wpcf7-f1128-o1\" method=\"post\" class=\"wpcf7-form init\" aria-label=\"Contact form\" novalidate=\"novalidate\" data-status=\"init\" data-trp-original-action=\"\/en\/wp-json\/wp\/v2\/pages\/967#wpcf7-f1128-o1\">\n<div style=\"display: none;\">\n<input type=\"hidden\" name=\"_wpcf7\" value=\"1128\" \/>\n<input type=\"hidden\" name=\"_wpcf7_version\" value=\"5.9.8\" \/>\n<input type=\"hidden\" name=\"_wpcf7_locale\" value=\"en_US\" \/>\n<input type=\"hidden\" name=\"_wpcf7_unit_tag\" value=\"wpcf7-f1128-o1\" \/>\n<input type=\"hidden\" name=\"_wpcf7_container_post\" value=\"0\" \/>\n<input type=\"hidden\" name=\"_wpcf7_posted_data_hash\" value=\"\" \/>\n<\/div>\n<div class=\"row\">\n\t<div class=\"col-md-6\">\n\t\t<p><span class=\"wpcf7-form-control-wrap\" data-name=\"your-name\"><input size=\"40\" maxlength=\"400\" class=\"wpcf7-form-control wpcf7-text wpcf7-validates-as-required\" aria-required=\"true\" aria-invalid=\"false\" placeholder=\"Your Name\" value=\"\" type=\"text\" name=\"your-name\" \/><\/span>\n\t\t<\/p>\n\t<\/div>\n\t<div class=\"col-md-6\">\n\t\t<p><span class=\"wpcf7-form-control-wrap\" data-name=\"your-email\"><input size=\"40\" maxlength=\"400\" class=\"wpcf7-form-control wpcf7-email wpcf7-validates-as-required wpcf7-text wpcf7-validates-as-email\" aria-required=\"true\" aria-invalid=\"false\" placeholder=\"Email Address\" value=\"\" type=\"email\" name=\"your-email\" \/><\/span>\n\t\t<\/p>\n\t<\/div>\n<\/div>\n<div class=\"contact-mess\">\n\t<p><span class=\"wpcf7-form-control-wrap\" data-name=\"your-message\"><textarea cols=\"40\" rows=\"10\" maxlength=\"2000\" class=\"wpcf7-form-control wpcf7-textarea wpcf7-validates-as-required\" aria-required=\"true\" aria-invalid=\"false\" placeholder=\"Messenger\" name=\"your-message\"><\/textarea><\/span>\n\t<\/p>\n<\/div>\n<p><input class=\"wpcf7-form-control wpcf7-submit has-spinner btn\" type=\"submit\" value=\"SUBMIT\" \/>\n<\/p><div class=\"wpcf7-response-output\" aria-hidden=\"true\"><\/div>\n<input type=\"hidden\" name=\"trp-form-language\" value=\"en\"\/><\/form>\n<\/div>\n<div class=\"vc_empty_space  lg-hidden\"   style=\"height: 40px\"><span class=\"vc_empty_space_inner\"><\/span><\/div><\/div><\/div><\/div><div class=\"wpb_column vc_column_container vc_col-sm-12 vc_col-md-4\"><div class=\"vc_column-inner\"><div class=\"wpb_wrapper\">\n    <div class=\"section-head\">\n                    <h6><span>Zyra n\u00eb Durr\u00ebs<\/span><\/h6>\n            <\/div>\n\n\n\t<div class=\"wpb_text_column wpb_content_element\" >\n\t\t<div class=\"wpb_wrapper\">\n\t\t\t<h5><strong>Rruga Stefan Kaculini, Durr\u00ebs, Shqip\u00ebri<\/strong><\/h5>\n\n\t\t<\/div>\n\t<\/div>\n<div class=\"vc_empty_space\"   style=\"height: 12px\"><span class=\"vc_empty_space_inner\"><\/span><\/div>\n\t<div class=\"wpb_text_column wpb_content_element vc_custom_1727348683700 contact-info\" >\n\t\t<div class=\"wpb_wrapper\">\n\t\t\t<p><a href=\"mailto:info@hellostudio.al\"><i class=\"fa fa-envelope\">info@hellostudio.al<\/i><\/a><a href=\"tel:+355672053331\"><i class=\"fa fa-phone-square\"> +355672053331<\/i><\/a><\/p>\n\n\t\t<\/div>\n\t<\/div>\n<div class=\"vc_empty_space\"   style=\"height: 32px\"><span class=\"vc_empty_space_inner\"><\/span><\/div>\n\t<div class=\"wpb_text_column wpb_content_element vc_custom_1727348577714 socials md-hidden sm-hidden\" >\n\t\t<div class=\"wpb_wrapper\">\n\t\t\t<p><a href=\"#\" target=\"_blank\" rel=\"noopener noreferrer\"><i class=\"fa fa-facebook-official\">fb<\/i><\/a><a href=\"#\" target=\"_blank\" rel=\"noopener noreferrer\"><i class=\"fa fa-twitter\">tw<\/i><\/a><a href=\"#\" target=\"_blank\" rel=\"noopener noreferrer\"><i class=\"fa fa-pinterest\">pr<\/i><\/a><\/p>\n\n\t\t<\/div>\n\t<\/div>\n<\/div><\/div><\/div><\/div><\/div><\/section>\n<\/div>","protected":false},"excerpt":{"rendered":"Forma e Kontaktit Si mund t\u00eb ju ndihmojm\u00eb? Zyra n\u00eb Durr\u00ebs Rruga Stefan Kaculini, Durr\u00ebs, Shqip\u00ebri info@hellostudio.al +355672053331 fbtwpr","protected":false},"author":1,"featured_media":0,"parent":0,"menu_order":0,"comment_status":"closed","ping_status":"closed","template":"","meta":{"footnotes":""},"class_list":["post-967","page","type-page","status-publish","hentry"],"yoast_head":"<!-- This site is optimized with the Yoast SEO plugin v27.1.1 - https:\/\/yoast.com\/product\/yoast-seo-wordpress\/ -->\n<title>Na kontaktoni - Hello Studio<\/title>\n<meta name=\"robots\" content=\"index, follow, max-snippet:-1, max-image-preview:large, max-video-preview:-1\" \/>\n<link rel=\"canonical\" href=\"https:\/\/hellostudio.al\/en\/contact-us\/\" \/>\n<meta property=\"og:locale\" content=\"en_US\" \/>\n<meta property=\"og:type\" content=\"article\" \/>\n<meta property=\"og:title\" content=\"Na kontaktoni - Hello Studio\" \/>\n<meta property=\"og:url\" content=\"https:\/\/hellostudio.al\/en\/contact-us\/\" \/>\n<meta property=\"og:site_name\" content=\"Hello Studio\" \/>\n<meta property=\"article:modified_time\" content=\"2024-10-02T10:44:15+00:00\" \/>\n<meta name=\"twitter:card\" content=\"summary_large_image\" \/>\n<meta name=\"twitter:label1\" content=\"Est. reading time\" \/>\n\t<meta name=\"twitter:data1\" content=\"1 minute\" \/>\n<script type=\"application\/ld+json\" class=\"yoast-schema-graph\">{\"@context\":\"https:\/\/schema.org\",\"@graph\":[{\"@type\":\"WebPage\",\"@id\":\"https:\/\/hellostudio.al\/na-kontaktoni\/\",\"url\":\"https:\/\/hellostudio.al\/na-kontaktoni\/\",\"name\":\"Na kontaktoni - Hello Studio\",\"isPartOf\":{\"@id\":\"https:\/\/hellostudio.al\/#website\"},\"datePublished\":\"2019-03-15T07:27:33+00:00\",\"dateModified\":\"2024-10-02T10:44:15+00:00\",\"breadcrumb\":{\"@id\":\"https:\/\/hellostudio.al\/na-kontaktoni\/#breadcrumb\"},\"inLanguage\":\"en-US\",\"potentialAction\":[{\"@type\":\"ReadAction\",\"target\":[\"https:\/\/hellostudio.al\/na-kontaktoni\/\"]}]},{\"@type\":\"BreadcrumbList\",\"@id\":\"https:\/\/hellostudio.al\/na-kontaktoni\/#breadcrumb\",\"itemListElement\":[{\"@type\":\"ListItem\",\"position\":1,\"name\":\"Home\",\"item\":\"https:\/\/hellostudio.al\/\"},{\"@type\":\"ListItem\",\"position\":2,\"name\":\"Na kontaktoni\"}]},{\"@type\":\"WebSite\",\"@id\":\"https:\/\/hellostudio.al\/#website\",\"url\":\"https:\/\/hellostudio.al\/\",\"name\":\"Hello Studio\",\"description\":\"\",\"publisher\":{\"@id\":\"https:\/\/hellostudio.al\/#organization\"},\"potentialAction\":[{\"@type\":\"SearchAction\",\"target\":{\"@type\":\"EntryPoint\",\"urlTemplate\":\"https:\/\/hellostudio.al\/?s={search_term_string}\"},\"query-input\":{\"@type\":\"PropertyValueSpecification\",\"valueRequired\":true,\"valueName\":\"search_term_string\"}}],\"inLanguage\":\"en-US\"},{\"@type\":\"Organization\",\"@id\":\"https:\/\/hellostudio.al\/#organization\",\"name\":\"Hello Studio\",\"url\":\"https:\/\/hellostudio.al\/\",\"logo\":{\"@type\":\"ImageObject\",\"inLanguage\":\"en-US\",\"@id\":\"https:\/\/hellostudio.al\/#\/schema\/logo\/image\/\",\"url\":\"https:\/\/hellostudio.al\/wp-content\/uploads\/2024\/09\/hello-logo.png\",\"contentUrl\":\"https:\/\/hellostudio.al\/wp-content\/uploads\/2024\/09\/hello-logo.png\",\"width\":3392,\"height\":943,\"caption\":\"Hello Studio\"},\"image\":{\"@id\":\"https:\/\/hellostudio.al\/#\/schema\/logo\/image\/\"}}]}<\/script>\n<!-- \/ Yoast SEO plugin. -->","yoast_head_json":{"title":"Na kontaktoni - Hello Studio","robots":{"index":"index","follow":"follow","max-snippet":"max-snippet:-1","max-image-preview":"max-image-preview:large","max-video-preview":"max-video-preview:-1"},"canonical":"https:\/\/hellostudio.al\/en\/contact-us\/","og_locale":"en_US","og_type":"article","og_title":"Na kontaktoni - Hello Studio","og_url":"https:\/\/hellostudio.al\/en\/contact-us\/","og_site_name":"Hello Studio","article_modified_time":"2024-10-02T10:44:15+00:00","twitter_card":"summary_large_image","twitter_misc":{"Est. reading time":"1 minute"},"schema":{"@context":"https:\/\/schema.org","@graph":[{"@type":"WebPage","@id":"https:\/\/hellostudio.al\/na-kontaktoni\/","url":"https:\/\/hellostudio.al\/na-kontaktoni\/","name":"Na kontaktoni - Hello Studio","isPartOf":{"@id":"https:\/\/hellostudio.al\/#website"},"datePublished":"2019-03-15T07:27:33+00:00","dateModified":"2024-10-02T10:44:15+00:00","breadcrumb":{"@id":"https:\/\/hellostudio.al\/na-kontaktoni\/#breadcrumb"},"inLanguage":"en-US","potentialAction":[{"@type":"ReadAction","target":["https:\/\/hellostudio.al\/na-kontaktoni\/"]}]},{"@type":"BreadcrumbList","@id":"https:\/\/hellostudio.al\/na-kontaktoni\/#breadcrumb","itemListElement":[{"@type":"ListItem","position":1,"name":"Home","item":"https:\/\/hellostudio.al\/"},{"@type":"ListItem","position":2,"name":"Na kontaktoni"}]},{"@type":"WebSite","@id":"https:\/\/hellostudio.al\/#website","url":"https:\/\/hellostudio.al\/","name":"Hello Studio","description":"","publisher":{"@id":"https:\/\/hellostudio.al\/#organization"},"potentialAction":[{"@type":"SearchAction","target":{"@type":"EntryPoint","urlTemplate":"https:\/\/hellostudio.al\/?s={search_term_string}"},"query-input":{"@type":"PropertyValueSpecification","valueRequired":true,"valueName":"search_term_string"}}],"inLanguage":"en-US"},{"@type":"Organization","@id":"https:\/\/hellostudio.al\/#organization","name":"Hello Studio","url":"https:\/\/hellostudio.al\/","logo":{"@type":"ImageObject","inLanguage":"en-US","@id":"https:\/\/hellostudio.al\/#\/schema\/logo\/image\/","url":"https:\/\/hellostudio.al\/wp-content\/uploads\/2024\/09\/hello-logo.png","contentUrl":"https:\/\/hellostudio.al\/wp-content\/uploads\/2024\/09\/hello-logo.png","width":3392,"height":943,"caption":"Hello Studio"},"image":{"@id":"https:\/\/hellostudio.al\/#\/schema\/logo\/image\/"}}]}},"_links":{"self":[{"href":"https:\/\/hellostudio.al\/en\/wp-json\/wp\/v2\/pages\/967","targetHints":{"allow":["GET"]}}],"collection":[{"href":"https:\/\/hellostudio.al\/en\/wp-json\/wp\/v2\/pages"}],"about":[{"href":"https:\/\/hellostudio.al\/en\/wp-json\/wp\/v2\/types\/page"}],"author":[{"embeddable":true,"href":"https:\/\/hellostudio.al\/en\/wp-json\/wp\/v2\/users\/1"}],"replies":[{"embeddable":true,"href":"https:\/\/hellostudio.al\/en\/wp-json\/wp\/v2\/comments?post=967"}],"version-history":[{"count":8,"href":"https:\/\/hellostudio.al\/en\/wp-json\/wp\/v2\/pages\/967\/revisions"}],"predecessor-version":[{"id":2277,"href":"https:\/\/hellostudio.al\/en\/wp-json\/wp\/v2\/pages\/967\/revisions\/2277"}],"wp:attachment":[{"href":"https:\/\/hellostudio.al\/en\/wp-json\/wp\/v2\/media?parent=967"}],"curies":[{"name":"wp","href":"https:\/\/api.w.org\/{rel}","templated":true}]}}