{"id":2327,"date":"2024-10-07T19:40:17","date_gmt":"2024-10-07T19:40:17","guid":{"rendered":"https:\/\/hellostudio.al\/?page_id=2327"},"modified":"2024-10-07T19:41:30","modified_gmt":"2024-10-07T19:41:30","slug":"website-for-dental-clinic","status":"publish","type":"page","link":"https:\/\/hellostudio.al\/en\/website-for-dental-clinic\/","title":{"rendered":"Why Should You Create a Website for Your Dental Clinic?"},"content":{"rendered":"<p>In today\u2019s digital world, having an online website is essential for any business, including dental clinics. A professional and functional website can bring many benefits to your dental clinic, helping it stand out in a competitive market and increase the number of patients. Here are some reasons why creating a website is a smart investment for your dental clinic.<\/p>\n<h6>1. <strong>Increasing Trust and Professional Reputation<\/strong><\/h6>\n<p>A professional website shows that you are committed to providing high-quality services and builds trust with potential patients. Most people search for information online before choosing a dental clinic. A modern website, with a clean design and easy to use, will help patients create a positive first impression of your clinic.<\/p>\n<h6>2. <strong>Improving Patient Service<\/strong><\/h6>\n<p>A well-structured website can improve the way you provide service to patients. You can include functionalities such as online reservations, consultation forms, or even frequently asked questions (FAQ) sections to provide patients with all the information they need in one place. This will reduce time spent on the phone and increase the efficiency of your staff.<\/p>\n<h6>3. <strong>Presentation of Services and Specializations<\/strong><\/h6>\n<p>A website allows you to showcase all the services you offer, from basic dental hygiene treatments to more advanced services like dental implants or orthodontics. You can include detailed descriptions for each service, helping patients better understand what to expect and how they will benefit from your care.<\/p>\n<h6>4. <strong>Search Engine Optimization (SEO)<\/strong><\/h6>\n<p>A website optimized for search engines will help you be visible when people search for dental clinics in your area. This means that potential patients can more easily find your clinic when searching for dental services online. <a href=\"https:\/\/hellostudio.al\/en\/we-offer\/search-engine-optimization\/\">SEO (Search Engine Optimization)<\/a> It's a powerful strategy that helps you stay ahead of the competition and attract more patients.<\/p>\n<h6>5. <strong>Improving Communication with Patients<\/strong><\/h6>\n<p>Your website can serve as a communication platform where patients can find news, oral health tips, announcements about new offers and treatments, and connect directly with your clinic. This not only improves communication with patients, but also creates a stronger bond with them.<\/p>\n<h6>6. <strong>Higher Competition in the Market<\/strong><\/h6>\n<p>If your competitors have a website and you don't, you are missing out on the opportunity to stay competitive in the market. A website is the ideal tool to show why your clinic stands out from the rest and to take advantage of the advantages of technology in <a href=\"https:\/\/hellostudio.al\/en\/we-offer\/marketing\/\">marketing<\/a> and in patient services.<\/p>\n<h6>7. <strong>Opportunities for Increasing Social Media Influence<\/strong><\/h6>\n<p>A website is an ideal starting point for your social media marketing strategies. By integrating your website with platforms like Facebook, Instagram, and more, you can share content that connects current and potential patients with your clinic. Your website is the place where you can direct your social media followers to learn more about your services.<\/p>\n<p>Creating a website for your dental clinic is a necessary step to increase your impact in the local market, improve communication and bring more patients to the clinic. A professional website helps not only to increase the trust and reputation of the clinic, but also to improve the overall patient experience. In an increasingly digitalized world, having an online presence is key to long-term success.<\/p>\n<p>Contact Hello Studio and receive a free personalized consultation for your dental clinic.<\/p>","protected":false},"excerpt":{"rendered":"<p>N\u00eb bot\u00ebn moderne dixhitale, t\u00eb kesh nj\u00eb website online \u00ebsht\u00eb thelb\u00ebsore p\u00ebr \u00e7do biznes, p\u00ebrfshir\u00eb klinikat dentare. Nj\u00eb website profesional dhe funksional mund t\u00eb sjell\u00eb shum\u00eb p\u00ebrfitime p\u00ebr klinik\u00ebn tuaj dentare, duke e ndihmuar at\u00eb t\u00eb dalloj\u00eb n\u00eb nj\u00eb treg konkurrues dhe t\u00eb rris\u00eb numrin e pacient\u00ebve. Ja disa arsye se pse krijimi i nj\u00eb [&hellip;]<\/p>","protected":false},"author":1,"featured_media":2392,"parent":0,"menu_order":0,"comment_status":"closed","ping_status":"closed","template":"","meta":{"footnotes":""},"class_list":["post-2327","page","type-page","status-publish","has-post-thumbnail","hentry"],"yoast_head":"<!-- This site is optimized with the Yoast SEO plugin v27.1.1 - https:\/\/yoast.com\/product\/yoast-seo-wordpress\/ -->\n<title>Pse Duhet t\u00eb Krijoni nj\u00eb website p\u00ebr Klinik\u00ebn tuaj Dentare? - Hello Studio<\/title>\n<meta name=\"description\" content=\"Pse Duhet t\u00eb Krijoni nj\u00eb website p\u00ebr Klinik\u00ebn tuaj Dentare? N\u00eb bot\u00ebn moderne dixhitale, t\u00eb kesh nj\u00eb website online \u00ebsht\u00eb thelb\u00ebsore p\u00ebr \u00e7do biznes, p\u00ebrfshir\u00eb klinikat dentare.\" \/>\n<meta name=\"robots\" content=\"index, follow, max-snippet:-1, max-image-preview:large, max-video-preview:-1\" \/>\n<link rel=\"canonical\" href=\"https:\/\/hellostudio.al\/en\/website-for-dental-clinic\/\" \/>\n<meta property=\"og:locale\" content=\"en_US\" \/>\n<meta property=\"og:type\" content=\"article\" \/>\n<meta property=\"og:title\" content=\"Pse Duhet t\u00eb Krijoni nj\u00eb website p\u00ebr Klinik\u00ebn tuaj Dentare? - Hello Studio\" \/>\n<meta property=\"og:description\" content=\"Pse Duhet t\u00eb Krijoni nj\u00eb website p\u00ebr Klinik\u00ebn tuaj Dentare? N\u00eb bot\u00ebn moderne dixhitale, t\u00eb kesh nj\u00eb website online \u00ebsht\u00eb thelb\u00ebsore p\u00ebr \u00e7do biznes, p\u00ebrfshir\u00eb klinikat dentare.\" \/>\n<meta property=\"og:url\" content=\"https:\/\/hellostudio.al\/en\/website-for-dental-clinic\/\" \/>\n<meta property=\"og:site_name\" content=\"Hello Studio\" \/>\n<meta property=\"article:modified_time\" content=\"2024-10-07T19:41:30+00:00\" \/>\n<meta property=\"og:image\" content=\"https:\/\/hellostudio.al\/wp-content\/uploads\/2024\/10\/website-per-klinke-dentare.webp\" \/>\n\t<meta property=\"og:image:width\" content=\"1000\" \/>\n\t<meta property=\"og:image:height\" content=\"800\" \/>\n\t<meta property=\"og:image:type\" content=\"image\/webp\" \/>\n<meta name=\"twitter:card\" content=\"summary_large_image\" \/>\n<meta name=\"twitter:label1\" content=\"Est. reading time\" \/>\n\t<meta name=\"twitter:data1\" content=\"3 minutes\" \/>\n<script type=\"application\/ld+json\" class=\"yoast-schema-graph\">{\"@context\":\"https:\/\/schema.org\",\"@graph\":[{\"@type\":\"WebPage\",\"@id\":\"https:\/\/hellostudio.al\/website-per-klinik-dentare\/\",\"url\":\"https:\/\/hellostudio.al\/website-per-klinik-dentare\/\",\"name\":\"Pse Duhet t\u00eb Krijoni nj\u00eb website p\u00ebr Klinik\u00ebn tuaj Dentare? - Hello Studio\",\"isPartOf\":{\"@id\":\"https:\/\/hellostudio.al\/#website\"},\"primaryImageOfPage\":{\"@id\":\"https:\/\/hellostudio.al\/website-per-klinik-dentare\/#primaryimage\"},\"image\":{\"@id\":\"https:\/\/hellostudio.al\/website-per-klinik-dentare\/#primaryimage\"},\"thumbnailUrl\":\"https:\/\/hellostudio.al\/wp-content\/uploads\/2024\/10\/website-per-klinke-dentare.webp\",\"datePublished\":\"2024-10-07T19:40:17+00:00\",\"dateModified\":\"2024-10-07T19:41:30+00:00\",\"description\":\"Pse Duhet t\u00eb Krijoni nj\u00eb website p\u00ebr Klinik\u00ebn tuaj Dentare? N\u00eb bot\u00ebn moderne dixhitale, t\u00eb kesh nj\u00eb website online \u00ebsht\u00eb thelb\u00ebsore p\u00ebr \u00e7do biznes, p\u00ebrfshir\u00eb klinikat dentare.\",\"breadcrumb\":{\"@id\":\"https:\/\/hellostudio.al\/website-per-klinik-dentare\/#breadcrumb\"},\"inLanguage\":\"en-US\",\"potentialAction\":[{\"@type\":\"ReadAction\",\"target\":[\"https:\/\/hellostudio.al\/website-per-klinik-dentare\/\"]}]},{\"@type\":\"ImageObject\",\"inLanguage\":\"en-US\",\"@id\":\"https:\/\/hellostudio.al\/website-per-klinik-dentare\/#primaryimage\",\"url\":\"https:\/\/hellostudio.al\/wp-content\/uploads\/2024\/10\/website-per-klinke-dentare.webp\",\"contentUrl\":\"https:\/\/hellostudio.al\/wp-content\/uploads\/2024\/10\/website-per-klinke-dentare.webp\",\"width\":1000,\"height\":800},{\"@type\":\"BreadcrumbList\",\"@id\":\"https:\/\/hellostudio.al\/website-per-klinik-dentare\/#breadcrumb\",\"itemListElement\":[{\"@type\":\"ListItem\",\"position\":1,\"name\":\"Home\",\"item\":\"https:\/\/hellostudio.al\/\"},{\"@type\":\"ListItem\",\"position\":2,\"name\":\"Pse Duhet t\u00eb Krijoni nj\u00eb website p\u00ebr Klinik\u00ebn tuaj Dentare?\"}]},{\"@type\":\"WebSite\",\"@id\":\"https:\/\/hellostudio.al\/#website\",\"url\":\"https:\/\/hellostudio.al\/\",\"name\":\"Hello Studio\",\"description\":\"\",\"publisher\":{\"@id\":\"https:\/\/hellostudio.al\/#organization\"},\"potentialAction\":[{\"@type\":\"SearchAction\",\"target\":{\"@type\":\"EntryPoint\",\"urlTemplate\":\"https:\/\/hellostudio.al\/?s={search_term_string}\"},\"query-input\":{\"@type\":\"PropertyValueSpecification\",\"valueRequired\":true,\"valueName\":\"search_term_string\"}}],\"inLanguage\":\"en-US\"},{\"@type\":\"Organization\",\"@id\":\"https:\/\/hellostudio.al\/#organization\",\"name\":\"Hello Studio\",\"url\":\"https:\/\/hellostudio.al\/\",\"logo\":{\"@type\":\"ImageObject\",\"inLanguage\":\"en-US\",\"@id\":\"https:\/\/hellostudio.al\/#\/schema\/logo\/image\/\",\"url\":\"https:\/\/hellostudio.al\/wp-content\/uploads\/2024\/09\/hello-logo.png\",\"contentUrl\":\"https:\/\/hellostudio.al\/wp-content\/uploads\/2024\/09\/hello-logo.png\",\"width\":3392,\"height\":943,\"caption\":\"Hello Studio\"},\"image\":{\"@id\":\"https:\/\/hellostudio.al\/#\/schema\/logo\/image\/\"}}]}<\/script>\n<!-- \/ Yoast SEO plugin. -->","yoast_head_json":{"title":"Pse Duhet t\u00eb Krijoni nj\u00eb website p\u00ebr Klinik\u00ebn tuaj Dentare? - Hello Studio","description":"Pse Duhet t\u00eb Krijoni nj\u00eb website p\u00ebr Klinik\u00ebn tuaj Dentare? N\u00eb bot\u00ebn moderne dixhitale, t\u00eb kesh nj\u00eb website online \u00ebsht\u00eb thelb\u00ebsore p\u00ebr \u00e7do biznes, p\u00ebrfshir\u00eb klinikat dentare.","robots":{"index":"index","follow":"follow","max-snippet":"max-snippet:-1","max-image-preview":"max-image-preview:large","max-video-preview":"max-video-preview:-1"},"canonical":"https:\/\/hellostudio.al\/en\/website-for-dental-clinic\/","og_locale":"en_US","og_type":"article","og_title":"Pse Duhet t\u00eb Krijoni nj\u00eb website p\u00ebr Klinik\u00ebn tuaj Dentare? - Hello Studio","og_description":"Pse Duhet t\u00eb Krijoni nj\u00eb website p\u00ebr Klinik\u00ebn tuaj Dentare? N\u00eb bot\u00ebn moderne dixhitale, t\u00eb kesh nj\u00eb website online \u00ebsht\u00eb thelb\u00ebsore p\u00ebr \u00e7do biznes, p\u00ebrfshir\u00eb klinikat dentare.","og_url":"https:\/\/hellostudio.al\/en\/website-for-dental-clinic\/","og_site_name":"Hello Studio","article_modified_time":"2024-10-07T19:41:30+00:00","og_image":[{"width":1000,"height":800,"url":"https:\/\/hellostudio.al\/wp-content\/uploads\/2024\/10\/website-per-klinke-dentare.webp","type":"image\/webp"}],"twitter_card":"summary_large_image","twitter_misc":{"Est. reading time":"3 minutes"},"schema":{"@context":"https:\/\/schema.org","@graph":[{"@type":"WebPage","@id":"https:\/\/hellostudio.al\/website-per-klinik-dentare\/","url":"https:\/\/hellostudio.al\/website-per-klinik-dentare\/","name":"Pse Duhet t\u00eb Krijoni nj\u00eb website p\u00ebr Klinik\u00ebn tuaj Dentare? - Hello Studio","isPartOf":{"@id":"https:\/\/hellostudio.al\/#website"},"primaryImageOfPage":{"@id":"https:\/\/hellostudio.al\/website-per-klinik-dentare\/#primaryimage"},"image":{"@id":"https:\/\/hellostudio.al\/website-per-klinik-dentare\/#primaryimage"},"thumbnailUrl":"https:\/\/hellostudio.al\/wp-content\/uploads\/2024\/10\/website-per-klinke-dentare.webp","datePublished":"2024-10-07T19:40:17+00:00","dateModified":"2024-10-07T19:41:30+00:00","description":"Pse Duhet t\u00eb Krijoni nj\u00eb website p\u00ebr Klinik\u00ebn tuaj Dentare? N\u00eb bot\u00ebn moderne dixhitale, t\u00eb kesh nj\u00eb website online \u00ebsht\u00eb thelb\u00ebsore p\u00ebr \u00e7do biznes, p\u00ebrfshir\u00eb klinikat dentare.","breadcrumb":{"@id":"https:\/\/hellostudio.al\/website-per-klinik-dentare\/#breadcrumb"},"inLanguage":"en-US","potentialAction":[{"@type":"ReadAction","target":["https:\/\/hellostudio.al\/website-per-klinik-dentare\/"]}]},{"@type":"ImageObject","inLanguage":"en-US","@id":"https:\/\/hellostudio.al\/website-per-klinik-dentare\/#primaryimage","url":"https:\/\/hellostudio.al\/wp-content\/uploads\/2024\/10\/website-per-klinke-dentare.webp","contentUrl":"https:\/\/hellostudio.al\/wp-content\/uploads\/2024\/10\/website-per-klinke-dentare.webp","width":1000,"height":800},{"@type":"BreadcrumbList","@id":"https:\/\/hellostudio.al\/website-per-klinik-dentare\/#breadcrumb","itemListElement":[{"@type":"ListItem","position":1,"name":"Home","item":"https:\/\/hellostudio.al\/"},{"@type":"ListItem","position":2,"name":"Pse Duhet t\u00eb Krijoni nj\u00eb website p\u00ebr Klinik\u00ebn tuaj Dentare?"}]},{"@type":"WebSite","@id":"https:\/\/hellostudio.al\/#website","url":"https:\/\/hellostudio.al\/","name":"Hello Studio","description":"","publisher":{"@id":"https:\/\/hellostudio.al\/#organization"},"potentialAction":[{"@type":"SearchAction","target":{"@type":"EntryPoint","urlTemplate":"https:\/\/hellostudio.al\/?s={search_term_string}"},"query-input":{"@type":"PropertyValueSpecification","valueRequired":true,"valueName":"search_term_string"}}],"inLanguage":"en-US"},{"@type":"Organization","@id":"https:\/\/hellostudio.al\/#organization","name":"Hello Studio","url":"https:\/\/hellostudio.al\/","logo":{"@type":"ImageObject","inLanguage":"en-US","@id":"https:\/\/hellostudio.al\/#\/schema\/logo\/image\/","url":"https:\/\/hellostudio.al\/wp-content\/uploads\/2024\/09\/hello-logo.png","contentUrl":"https:\/\/hellostudio.al\/wp-content\/uploads\/2024\/09\/hello-logo.png","width":3392,"height":943,"caption":"Hello Studio"},"image":{"@id":"https:\/\/hellostudio.al\/#\/schema\/logo\/image\/"}}]}},"_links":{"self":[{"href":"https:\/\/hellostudio.al\/en\/wp-json\/wp\/v2\/pages\/2327","targetHints":{"allow":["GET"]}}],"collection":[{"href":"https:\/\/hellostudio.al\/en\/wp-json\/wp\/v2\/pages"}],"about":[{"href":"https:\/\/hellostudio.al\/en\/wp-json\/wp\/v2\/types\/page"}],"author":[{"embeddable":true,"href":"https:\/\/hellostudio.al\/en\/wp-json\/wp\/v2\/users\/1"}],"replies":[{"embeddable":true,"href":"https:\/\/hellostudio.al\/en\/wp-json\/wp\/v2\/comments?post=2327"}],"version-history":[{"count":3,"href":"https:\/\/hellostudio.al\/en\/wp-json\/wp\/v2\/pages\/2327\/revisions"}],"predecessor-version":[{"id":2393,"href":"https:\/\/hellostudio.al\/en\/wp-json\/wp\/v2\/pages\/2327\/revisions\/2393"}],"wp:featuredmedia":[{"embeddable":true,"href":"https:\/\/hellostudio.al\/en\/wp-json\/wp\/v2\/media\/2392"}],"wp:attachment":[{"href":"https:\/\/hellostudio.al\/en\/wp-json\/wp\/v2\/media?parent=2327"}],"curies":[{"name":"wp","href":"https:\/\/api.w.org\/{rel}","templated":true}]}}