{"id":1279,"date":"2019-03-22T10:48:54","date_gmt":"2019-03-22T10:48:54","guid":{"rendered":"http:\/\/localhost\/consultax\/?page_id=1279"},"modified":"2025-01-17T15:28:02","modified_gmt":"2025-01-17T15:28:02","slug":"team","status":"publish","type":"page","link":"https:\/\/hellostudio.al\/en\/team\/","title":{"rendered":"Our Team"},"content":{"rendered":"<div class=\"wpb-content-wrapper\"><section class=\"wpb_row vc_row-fluid vc_custom_1554350481585\"><div class=\"container\"><div class=\"vc_row\"><div class=\"wpb_column vc_column_container vc_col-sm-12\"><div class=\"vc_column-inner\"><div class=\"wpb_wrapper\">\n    <div class=\"section-head\">\n                <h2 class=\"section-title\">We are Hello Studio.<\/h2>\n            <\/div>\n\n\n\t<div class=\"wpb_text_column wpb_content_element vc_custom_1727337815876\" >\n\t\t<div class=\"wpb_wrapper\">\n\t\t\t<p>We are committed to providing exceptional service, ensuring that each client's unique needs are met with precision and care. With passion for our work, we strive for excellence in every project we undertake.<\/p>\n\n\t\t<\/div>\n\t<\/div>\n<\/div><\/div><\/div><div class=\"wpb_column vc_column_container vc_col-sm-12 vc_col-md-6\"><div class=\"vc_column-inner\"><div class=\"wpb_wrapper\">\n        <div class=\"member-item-3 radius\">\n        <div class=\"avatar\">\n            <img loading=\"lazy\" decoding=\"async\" width=\"720\" height=\"720\" src=\"https:\/\/hellostudio.al\/wp-content\/uploads\/2024\/10\/nardi-doda.webp\" class=\"img-responsive\" alt=\"\" \/>        <\/div>\n        <div class=\"mem-info\">\n            <h5>L.Doda<span class=\"font12 normal\"><\/span><\/h5>\n            <div class=\"line\"><\/div>\n            <p><\/p>\n            <div class=\"social-mem\">\n                                    <a href=\"#\" target=\"_blank\"><i class=\"\"><\/i><\/a>\n                                    <a href=\"#\" target=\"_blank\"><i class=\"\"><\/i><\/a>\n                                    <a href=\"#\" target=\"_blank\"><i class=\"\"><\/i><\/a>\n                            <\/div>            \n        <\/div>\n    <\/div>\n    \n    <div class=\"vc_empty_space\"   style=\"height: 30px\"><span class=\"vc_empty_space_inner\"><\/span><\/div><\/div><\/div><\/div><div class=\"wpb_column vc_column_container vc_col-sm-12 vc_col-md-6\"><div class=\"vc_column-inner\"><div class=\"wpb_wrapper\">\n        <div class=\"member-item-3 radius\">\n        <div class=\"avatar\">\n            <img loading=\"lazy\" decoding=\"async\" width=\"788\" height=\"788\" src=\"https:\/\/hellostudio.al\/wp-content\/uploads\/2024\/10\/seni-kurti.webp\" class=\"img-responsive\" alt=\"\" srcset=\"https:\/\/hellostudio.al\/wp-content\/uploads\/2024\/10\/seni-kurti.webp 788w, https:\/\/hellostudio.al\/wp-content\/uploads\/2024\/10\/seni-kurti-768x768.webp 768w\" sizes=\"auto, (max-width: 788px) 100vw, 788px\" \/>        <\/div>\n        <div class=\"mem-info\">\n            <h5>A.Kurti<span class=\"font12 normal\"><\/span><\/h5>\n            <div class=\"line\"><\/div>\n            <p><\/p>\n            <div class=\"social-mem\">\n                                    <a href=\"#\" target=\"_blank\"><i class=\"\"><\/i><\/a>\n                                    <a href=\"#\" target=\"_blank\"><i class=\"\"><\/i><\/a>\n                                    <a href=\"#\" target=\"_blank\"><i class=\"\"><\/i><\/a>\n                            <\/div>            \n        <\/div>\n    <\/div>\n    \n    <div class=\"vc_empty_space\"   style=\"height: 30px\"><span class=\"vc_empty_space_inner\"><\/span><\/div><\/div><\/div><\/div><\/div><\/div><\/section><section class=\"wpb_row vc_row-fluid vc_custom_1727870778349\"><div class=\"container\"><div class=\"vc_row\"><div class=\"wpb_column vc_column_container vc_col-sm-4\"><div class=\"vc_column-inner\"><div class=\"wpb_wrapper\"><\/div><\/div><\/div><\/div><\/div><\/section>\n<\/div>","protected":false},"excerpt":{"rendered":"Ne jemi Hello Studio. Ne jemi t\u00eb p\u00ebrkushtuar p\u00ebr t\u00eb ofruar sh\u00ebrbim t\u00eb jasht\u00ebzakonsh\u00ebm, duke siguruar q\u00eb nevojat unike t\u00eb \u00e7do klienti t\u00eb plot\u00ebsohen me sakt\u00ebsi dhe kujdes. Me pasion p\u00ebr pun\u00ebn ton\u00eb, ne p\u00ebrpiqemi p\u00ebr p\u00ebrsosm\u00ebri n\u00eb \u00e7do projekt q\u00eb nd\u00ebrmarrim. L.Doda A.Kurti","protected":false},"author":1,"featured_media":0,"parent":0,"menu_order":0,"comment_status":"closed","ping_status":"closed","template":"","meta":{"footnotes":""},"class_list":["post-1279","page","type-page","status-publish","hentry"],"yoast_head":"<!-- This site is optimized with the Yoast SEO plugin v27.1.1 - https:\/\/yoast.com\/product\/yoast-seo-wordpress\/ -->\n<title>Ekipi Jon\u00eb - Hello Studio<\/title>\n<meta name=\"robots\" content=\"index, follow, max-snippet:-1, max-image-preview:large, max-video-preview:-1\" \/>\n<link rel=\"canonical\" href=\"https:\/\/hellostudio.al\/en\/team\/\" \/>\n<meta property=\"og:locale\" content=\"en_US\" \/>\n<meta property=\"og:type\" content=\"article\" \/>\n<meta property=\"og:title\" content=\"Ekipi Jon\u00eb - Hello Studio\" \/>\n<meta property=\"og:url\" content=\"https:\/\/hellostudio.al\/en\/team\/\" \/>\n<meta property=\"og:site_name\" content=\"Hello Studio\" \/>\n<meta property=\"article:modified_time\" content=\"2025-01-17T15:28:02+00:00\" \/>\n<meta name=\"twitter:card\" content=\"summary_large_image\" \/>\n<meta name=\"twitter:label1\" content=\"Est. reading time\" \/>\n\t<meta name=\"twitter:data1\" content=\"2 minutes\" \/>\n<script type=\"application\/ld+json\" class=\"yoast-schema-graph\">{\"@context\":\"https:\/\/schema.org\",\"@graph\":[{\"@type\":\"WebPage\",\"@id\":\"https:\/\/hellostudio.al\/ekipi-jone\/\",\"url\":\"https:\/\/hellostudio.al\/ekipi-jone\/\",\"name\":\"Ekipi Jon\u00eb - Hello Studio\",\"isPartOf\":{\"@id\":\"https:\/\/hellostudio.al\/#website\"},\"datePublished\":\"2019-03-22T10:48:54+00:00\",\"dateModified\":\"2025-01-17T15:28:02+00:00\",\"breadcrumb\":{\"@id\":\"https:\/\/hellostudio.al\/ekipi-jone\/#breadcrumb\"},\"inLanguage\":\"en-US\",\"potentialAction\":[{\"@type\":\"ReadAction\",\"target\":[\"https:\/\/hellostudio.al\/ekipi-jone\/\"]}]},{\"@type\":\"BreadcrumbList\",\"@id\":\"https:\/\/hellostudio.al\/ekipi-jone\/#breadcrumb\",\"itemListElement\":[{\"@type\":\"ListItem\",\"position\":1,\"name\":\"Home\",\"item\":\"https:\/\/hellostudio.al\/\"},{\"@type\":\"ListItem\",\"position\":2,\"name\":\"Ekipi Jon\u00eb\"}]},{\"@type\":\"WebSite\",\"@id\":\"https:\/\/hellostudio.al\/#website\",\"url\":\"https:\/\/hellostudio.al\/\",\"name\":\"Hello Studio\",\"description\":\"\",\"publisher\":{\"@id\":\"https:\/\/hellostudio.al\/#organization\"},\"potentialAction\":[{\"@type\":\"SearchAction\",\"target\":{\"@type\":\"EntryPoint\",\"urlTemplate\":\"https:\/\/hellostudio.al\/?s={search_term_string}\"},\"query-input\":{\"@type\":\"PropertyValueSpecification\",\"valueRequired\":true,\"valueName\":\"search_term_string\"}}],\"inLanguage\":\"en-US\"},{\"@type\":\"Organization\",\"@id\":\"https:\/\/hellostudio.al\/#organization\",\"name\":\"Hello Studio\",\"url\":\"https:\/\/hellostudio.al\/\",\"logo\":{\"@type\":\"ImageObject\",\"inLanguage\":\"en-US\",\"@id\":\"https:\/\/hellostudio.al\/#\/schema\/logo\/image\/\",\"url\":\"https:\/\/hellostudio.al\/wp-content\/uploads\/2024\/09\/hello-logo.png\",\"contentUrl\":\"https:\/\/hellostudio.al\/wp-content\/uploads\/2024\/09\/hello-logo.png\",\"width\":3392,\"height\":943,\"caption\":\"Hello Studio\"},\"image\":{\"@id\":\"https:\/\/hellostudio.al\/#\/schema\/logo\/image\/\"}}]}<\/script>\n<!-- \/ Yoast SEO plugin. -->","yoast_head_json":{"title":"Our Team - Hello Studio","robots":{"index":"index","follow":"follow","max-snippet":"max-snippet:-1","max-image-preview":"max-image-preview:large","max-video-preview":"max-video-preview:-1"},"canonical":"https:\/\/hellostudio.al\/en\/team\/","og_locale":"en_US","og_type":"article","og_title":"Ekipi Jon\u00eb - Hello Studio","og_url":"https:\/\/hellostudio.al\/en\/team\/","og_site_name":"Hello Studio","article_modified_time":"2025-01-17T15:28:02+00:00","twitter_card":"summary_large_image","twitter_misc":{"Est. reading time":"2 minutes"},"schema":{"@context":"https:\/\/schema.org","@graph":[{"@type":"WebPage","@id":"https:\/\/hellostudio.al\/ekipi-jone\/","url":"https:\/\/hellostudio.al\/ekipi-jone\/","name":"Our Team - Hello Studio","isPartOf":{"@id":"https:\/\/hellostudio.al\/#website"},"datePublished":"2019-03-22T10:48:54+00:00","dateModified":"2025-01-17T15:28:02+00:00","breadcrumb":{"@id":"https:\/\/hellostudio.al\/ekipi-jone\/#breadcrumb"},"inLanguage":"en-US","potentialAction":[{"@type":"ReadAction","target":["https:\/\/hellostudio.al\/ekipi-jone\/"]}]},{"@type":"BreadcrumbList","@id":"https:\/\/hellostudio.al\/ekipi-jone\/#breadcrumb","itemListElement":[{"@type":"ListItem","position":1,"name":"Home","item":"https:\/\/hellostudio.al\/"},{"@type":"ListItem","position":2,"name":"Ekipi Jon\u00eb"}]},{"@type":"WebSite","@id":"https:\/\/hellostudio.al\/#website","url":"https:\/\/hellostudio.al\/","name":"Hello Studio","description":"","publisher":{"@id":"https:\/\/hellostudio.al\/#organization"},"potentialAction":[{"@type":"SearchAction","target":{"@type":"EntryPoint","urlTemplate":"https:\/\/hellostudio.al\/?s={search_term_string}"},"query-input":{"@type":"PropertyValueSpecification","valueRequired":true,"valueName":"search_term_string"}}],"inLanguage":"en-US"},{"@type":"Organization","@id":"https:\/\/hellostudio.al\/#organization","name":"Hello Studio","url":"https:\/\/hellostudio.al\/","logo":{"@type":"ImageObject","inLanguage":"en-US","@id":"https:\/\/hellostudio.al\/#\/schema\/logo\/image\/","url":"https:\/\/hellostudio.al\/wp-content\/uploads\/2024\/09\/hello-logo.png","contentUrl":"https:\/\/hellostudio.al\/wp-content\/uploads\/2024\/09\/hello-logo.png","width":3392,"height":943,"caption":"Hello Studio"},"image":{"@id":"https:\/\/hellostudio.al\/#\/schema\/logo\/image\/"}}]}},"_links":{"self":[{"href":"https:\/\/hellostudio.al\/en\/wp-json\/wp\/v2\/pages\/1279","targetHints":{"allow":["GET"]}}],"collection":[{"href":"https:\/\/hellostudio.al\/en\/wp-json\/wp\/v2\/pages"}],"about":[{"href":"https:\/\/hellostudio.al\/en\/wp-json\/wp\/v2\/types\/page"}],"author":[{"embeddable":true,"href":"https:\/\/hellostudio.al\/en\/wp-json\/wp\/v2\/users\/1"}],"replies":[{"embeddable":true,"href":"https:\/\/hellostudio.al\/en\/wp-json\/wp\/v2\/comments?post=1279"}],"version-history":[{"count":14,"href":"https:\/\/hellostudio.al\/en\/wp-json\/wp\/v2\/pages\/1279\/revisions"}],"predecessor-version":[{"id":2460,"href":"https:\/\/hellostudio.al\/en\/wp-json\/wp\/v2\/pages\/1279\/revisions\/2460"}],"wp:attachment":[{"href":"https:\/\/hellostudio.al\/en\/wp-json\/wp\/v2\/media?parent=1279"}],"curies":[{"name":"wp","href":"https:\/\/api.w.org\/{rel}","templated":true}]}}