{"id":1235,"date":"2019-03-22T07:57:16","date_gmt":"2019-03-22T07:57:16","guid":{"rendered":"http:\/\/localhost\/consultax\/?page_id=1235"},"modified":"2024-10-02T09:31:48","modified_gmt":"2024-10-02T09:31:48","slug":"costumer-reviews","status":"publish","type":"page","link":"https:\/\/hellostudio.al\/en\/costumer-reviews\/","title":{"rendered":"Feedback"},"content":{"rendered":"<div class=\"wpb-content-wrapper\"><section class=\"wpb_row vc_row-fluid vc_custom_1554350523055 vc_row-o-equal-height vc_row-flex\"><div class=\"container\"><div class=\"vc_row\"><div class=\"wpb_column vc_column_container vc_col-sm-12\"><div class=\"vc_column-inner\"><div class=\"wpb_wrapper\">\n    <div class=\"section-head\">\n                    <h6><span>Feedback<\/span><\/h6>\n                <h2 class=\"section-title\">Customer reviews<\/h2>\n            <\/div>\n\n\n\t<div class=\"wpb_text_column wpb_content_element vc_custom_1727278063283\" >\n\t\t<div class=\"wpb_wrapper\">\n\t\t\t<p>We pay attention to detail and quality of service, good communication and strong customer relationships. Here's what they say about us.<\/p>\n\n\t\t<\/div>\n\t<\/div>\n<\/div><\/div><\/div><div class=\"wpb_column vc_column_container vc_col-sm-6 vc_col-md-4\"><div class=\"vc_column-inner vc_custom_1553248011584\"><div class=\"wpb_wrapper\">\n    <div class=\"testi-item single\">\n        <div class=\"testi-head\">\n                        <h5>Juljana Sokoli<span class=\"font12 normal\">Eja Consulting<\/span><\/h5>\n        <\/div>\n        <div class=\"line\"><\/div>\n        <div class=\"testi-content\">\n            <i class=\"ion-md-quote\"><\/i>\n                        <p>We were looking for a company that could provide graphic design and programming for our company, and they exceeded our expectations. In addition, website maintenance has been made very easy thanks to their dedicated services.<\/p>\n        <\/div>\n    <\/div>\n\n    <\/div><\/div><\/div><div class=\"wpb_column vc_column_container vc_col-sm-6 vc_col-md-4\"><div class=\"vc_column-inner vc_custom_1553247843085\"><div class=\"wpb_wrapper\">\n    <div class=\"testi-item single\">\n        <div class=\"testi-head\">\n                        <h5>Andi Haxhillari<span class=\"font12 normal\">Al Profit Consult<\/span><\/h5>\n        <\/div>\n        <div class=\"line\"><\/div>\n        <div class=\"testi-content\">\n            <i class=\"ion-md-quote\"><\/i>\n                        <p>The SEO service has done wonders for our website. We have seen a huge increase in organic traffic and new customers. They also offer amazing graphic design and their website maintenance services are top notch. I am very satisfied and would definitely recommend them.<\/p>\n        <\/div>\n    <\/div>\n\n    <\/div><\/div><\/div><div class=\"wpb_column vc_column_container vc_col-sm-6 vc_col-md-4\"><div class=\"vc_column-inner vc_custom_1553247849692\"><div class=\"wpb_wrapper\">\n    <div class=\"testi-item single\">\n        <div class=\"testi-head\">\n                        <h5>Bledi Kurti<span class=\"font12 normal\">Radiohouse Myk<\/span><\/h5>\n        <\/div>\n        <div class=\"line\"><\/div>\n        <div class=\"testi-content\">\n            <i class=\"ion-md-quote\"><\/i>\n                        <p>I am extremely satisfied with the services provided by this company. They have optimized our website with excellent SEO, which has significantly increased our online visibility.<\/p>\n        <\/div>\n    <\/div>\n\n    <\/div><\/div><\/div><\/div><\/div><\/section>\n<\/div>","protected":false},"excerpt":{"rendered":"P\u00ebrshtypje P\u00ebrshtypjet nga klient\u00ebt Ne i kushtojm\u00eb v\u00ebmendje detajeve dhe cil\u00ebsis\u00eb s\u00eb sh\u00ebrbimit, komunikimit t\u00eb mir\u00eb dhe marr\u00ebdh\u00ebnieve t\u00eb forta me klient\u00ebt. Ja \u00e7far\u00eb thon\u00eb p\u00ebr ne. Juljana SokoliEja Consulting Ne ishim n\u00eb k\u00ebrkim t\u00eb nj\u00eb kompanie q\u00eb mund t\u00eb ofronte dizajn grafik dhe programim p\u00ebr kompanin\u00eb ton\u00eb, dhe ata tejkaluan pritjet tona. P\u00ebrve\u00e7 k\u00ebsaj, [...]","protected":false},"author":1,"featured_media":0,"parent":0,"menu_order":0,"comment_status":"closed","ping_status":"closed","template":"","meta":{"footnotes":""},"class_list":["post-1235","page","type-page","status-publish","hentry"],"yoast_head":"<!-- This site is optimized with the Yoast SEO plugin v27.1.1 - https:\/\/yoast.com\/product\/yoast-seo-wordpress\/ -->\n<title>P\u00ebrshtypje - Hello Studio<\/title>\n<meta name=\"robots\" content=\"index, follow, max-snippet:-1, max-image-preview:large, max-video-preview:-1\" \/>\n<link rel=\"canonical\" href=\"https:\/\/hellostudio.al\/en\/costumer-reviews\/\" \/>\n<meta property=\"og:locale\" content=\"en_US\" \/>\n<meta property=\"og:type\" content=\"article\" \/>\n<meta property=\"og:title\" content=\"P\u00ebrshtypje - Hello Studio\" \/>\n<meta property=\"og:url\" content=\"https:\/\/hellostudio.al\/en\/costumer-reviews\/\" \/>\n<meta property=\"og:site_name\" content=\"Hello Studio\" \/>\n<meta property=\"article:modified_time\" content=\"2024-10-02T09:31:48+00:00\" \/>\n<meta name=\"twitter:card\" content=\"summary_large_image\" \/>\n<meta name=\"twitter:label1\" content=\"Est. reading time\" \/>\n\t<meta name=\"twitter:data1\" content=\"1 minute\" \/>\n<script type=\"application\/ld+json\" class=\"yoast-schema-graph\">{\"@context\":\"https:\/\/schema.org\",\"@graph\":[{\"@type\":\"WebPage\",\"@id\":\"https:\/\/hellostudio.al\/pershtypjet-nga-klientet\/\",\"url\":\"https:\/\/hellostudio.al\/pershtypjet-nga-klientet\/\",\"name\":\"P\u00ebrshtypje - Hello Studio\",\"isPartOf\":{\"@id\":\"https:\/\/hellostudio.al\/#website\"},\"datePublished\":\"2019-03-22T07:57:16+00:00\",\"dateModified\":\"2024-10-02T09:31:48+00:00\",\"breadcrumb\":{\"@id\":\"https:\/\/hellostudio.al\/pershtypjet-nga-klientet\/#breadcrumb\"},\"inLanguage\":\"en-US\",\"potentialAction\":[{\"@type\":\"ReadAction\",\"target\":[\"https:\/\/hellostudio.al\/pershtypjet-nga-klientet\/\"]}]},{\"@type\":\"BreadcrumbList\",\"@id\":\"https:\/\/hellostudio.al\/pershtypjet-nga-klientet\/#breadcrumb\",\"itemListElement\":[{\"@type\":\"ListItem\",\"position\":1,\"name\":\"Home\",\"item\":\"https:\/\/hellostudio.al\/\"},{\"@type\":\"ListItem\",\"position\":2,\"name\":\"P\u00ebrshtypje\"}]},{\"@type\":\"WebSite\",\"@id\":\"https:\/\/hellostudio.al\/#website\",\"url\":\"https:\/\/hellostudio.al\/\",\"name\":\"Hello Studio\",\"description\":\"\",\"publisher\":{\"@id\":\"https:\/\/hellostudio.al\/#organization\"},\"potentialAction\":[{\"@type\":\"SearchAction\",\"target\":{\"@type\":\"EntryPoint\",\"urlTemplate\":\"https:\/\/hellostudio.al\/?s={search_term_string}\"},\"query-input\":{\"@type\":\"PropertyValueSpecification\",\"valueRequired\":true,\"valueName\":\"search_term_string\"}}],\"inLanguage\":\"en-US\"},{\"@type\":\"Organization\",\"@id\":\"https:\/\/hellostudio.al\/#organization\",\"name\":\"Hello Studio\",\"url\":\"https:\/\/hellostudio.al\/\",\"logo\":{\"@type\":\"ImageObject\",\"inLanguage\":\"en-US\",\"@id\":\"https:\/\/hellostudio.al\/#\/schema\/logo\/image\/\",\"url\":\"https:\/\/hellostudio.al\/wp-content\/uploads\/2024\/09\/hello-logo.png\",\"contentUrl\":\"https:\/\/hellostudio.al\/wp-content\/uploads\/2024\/09\/hello-logo.png\",\"width\":3392,\"height\":943,\"caption\":\"Hello Studio\"},\"image\":{\"@id\":\"https:\/\/hellostudio.al\/#\/schema\/logo\/image\/\"}}]}<\/script>\n<!-- \/ Yoast SEO plugin. -->","yoast_head_json":{"title":"Reviews - Hello Studio","robots":{"index":"index","follow":"follow","max-snippet":"max-snippet:-1","max-image-preview":"max-image-preview:large","max-video-preview":"max-video-preview:-1"},"canonical":"https:\/\/hellostudio.al\/en\/costumer-reviews\/","og_locale":"en_US","og_type":"article","og_title":"P\u00ebrshtypje - Hello Studio","og_url":"https:\/\/hellostudio.al\/en\/costumer-reviews\/","og_site_name":"Hello Studio","article_modified_time":"2024-10-02T09:31:48+00:00","twitter_card":"summary_large_image","twitter_misc":{"Est. reading time":"1 minute"},"schema":{"@context":"https:\/\/schema.org","@graph":[{"@type":"WebPage","@id":"https:\/\/hellostudio.al\/pershtypjet-nga-klientet\/","url":"https:\/\/hellostudio.al\/pershtypjet-nga-klientet\/","name":"Reviews - Hello Studio","isPartOf":{"@id":"https:\/\/hellostudio.al\/#website"},"datePublished":"2019-03-22T07:57:16+00:00","dateModified":"2024-10-02T09:31:48+00:00","breadcrumb":{"@id":"https:\/\/hellostudio.al\/pershtypjet-nga-klientet\/#breadcrumb"},"inLanguage":"en-US","potentialAction":[{"@type":"ReadAction","target":["https:\/\/hellostudio.al\/pershtypjet-nga-klientet\/"]}]},{"@type":"BreadcrumbList","@id":"https:\/\/hellostudio.al\/pershtypjet-nga-klientet\/#breadcrumb","itemListElement":[{"@type":"ListItem","position":1,"name":"Home","item":"https:\/\/hellostudio.al\/"},{"@type":"ListItem","position":2,"name":"P\u00ebrshtypje"}]},{"@type":"WebSite","@id":"https:\/\/hellostudio.al\/#website","url":"https:\/\/hellostudio.al\/","name":"Hello Studio","description":"","publisher":{"@id":"https:\/\/hellostudio.al\/#organization"},"potentialAction":[{"@type":"SearchAction","target":{"@type":"EntryPoint","urlTemplate":"https:\/\/hellostudio.al\/?s={search_term_string}"},"query-input":{"@type":"PropertyValueSpecification","valueRequired":true,"valueName":"search_term_string"}}],"inLanguage":"en-US"},{"@type":"Organization","@id":"https:\/\/hellostudio.al\/#organization","name":"Hello Studio","url":"https:\/\/hellostudio.al\/","logo":{"@type":"ImageObject","inLanguage":"en-US","@id":"https:\/\/hellostudio.al\/#\/schema\/logo\/image\/","url":"https:\/\/hellostudio.al\/wp-content\/uploads\/2024\/09\/hello-logo.png","contentUrl":"https:\/\/hellostudio.al\/wp-content\/uploads\/2024\/09\/hello-logo.png","width":3392,"height":943,"caption":"Hello Studio"},"image":{"@id":"https:\/\/hellostudio.al\/#\/schema\/logo\/image\/"}}]}},"_links":{"self":[{"href":"https:\/\/hellostudio.al\/en\/wp-json\/wp\/v2\/pages\/1235","targetHints":{"allow":["GET"]}}],"collection":[{"href":"https:\/\/hellostudio.al\/en\/wp-json\/wp\/v2\/pages"}],"about":[{"href":"https:\/\/hellostudio.al\/en\/wp-json\/wp\/v2\/types\/page"}],"author":[{"embeddable":true,"href":"https:\/\/hellostudio.al\/en\/wp-json\/wp\/v2\/users\/1"}],"replies":[{"embeddable":true,"href":"https:\/\/hellostudio.al\/en\/wp-json\/wp\/v2\/comments?post=1235"}],"version-history":[{"count":6,"href":"https:\/\/hellostudio.al\/en\/wp-json\/wp\/v2\/pages\/1235\/revisions"}],"predecessor-version":[{"id":2269,"href":"https:\/\/hellostudio.al\/en\/wp-json\/wp\/v2\/pages\/1235\/revisions\/2269"}],"wp:attachment":[{"href":"https:\/\/hellostudio.al\/en\/wp-json\/wp\/v2\/media?parent=1235"}],"curies":[{"name":"wp","href":"https:\/\/api.w.org\/{rel}","templated":true}]}}