{"id":1215,"date":"2019-03-22T07:05:25","date_gmt":"2019-03-22T07:05:25","guid":{"rendered":"http:\/\/localhost\/consultax\/?page_id=1215"},"modified":"2024-09-27T09:23:39","modified_gmt":"2024-09-27T09:23:39","slug":"jobs","status":"publish","type":"page","link":"https:\/\/hellostudio.al\/en\/jobs\/","title":{"rendered":"Jobs"},"content":{"rendered":"<div class=\"wpb-content-wrapper\"><section class=\"wpb_row vc_row-fluid radius-top vc_custom_1727428991282 vc_row-has-fill\"><div class=\"container\"><div class=\"vc_row\"><div class=\"wpb_column vc_column_container vc_col-sm-12\"><div class=\"vc_column-inner\"><div class=\"wpb_wrapper\">\n    <div class=\"section-head  text-light\">\n                <h2 class=\"section-title\">Jobs<\/h2>\n            <\/div>\n\n<\/div><\/div><\/div><\/div><\/div><\/section><section class=\"wpb_row vc_row-fluid section-padd vc_custom_1553238402677\"><div class=\"container\"><div class=\"vc_row\"><div class=\"wpb_column vc_column_container vc_col-sm-12\"><div class=\"vc_column-inner\"><div class=\"wpb_wrapper\">\n    <div class=\"section-head\">\n                    <h6><span>Employment Opportunities<\/span><\/h6>\n                <h2 class=\"section-title\">View open positions.<\/h2>\n            <\/div>\n\n\n\t<div class=\"wpb_text_column wpb_content_element\" >\n\t\t<div class=\"wpb_wrapper\">\n\t\t\t<p>Below are listed the open job positions at Hello Studio. The right place where the ambition to grow professionally is combined with real opportunities.<\/p>\n\n\t\t<\/div>\n\t<\/div>\n\n    <div class=\"career-box\">\n        <h5>Graphic Designer<\/h5>\n        <div class=\"content-box\">\n            <h6 class=\"font12\">Description:<\/h6>\n<p>We are looking for a talented and creative Graphic Designer to join our team. The ideal candidate will be responsible for creating engaging visual designs across a wide range of mediums, including print, digital, and social media.<\/p>\n<h6><strong>Main Responsibilities:<\/strong><\/h6>\n<ul>\n<li>Developing and creating engaging graphics for websites, social media, emails, banners, presentations and other marketing materials.<\/li>\n<li>Designing printed materials such as brochures, flyers, posters and business cards.<\/li>\n<li>Collaborating with different teams to deliver coherent design solutions.<\/li>\n<li>Maintaining and evolving brand identity through various design projects.<\/li>\n<\/ul>\n            <a class=\"btn\" href=\"#\" target=\"_self\">Apply Now<\/a>        <\/div>\n    <\/div>\n\n    <div class=\"vc_empty_space\"   style=\"height: 40px\"><span class=\"vc_empty_space_inner\"><\/span><\/div>\n    <div class=\"career-box\">\n        <h5>Social media manager.<\/h5>\n        <div class=\"content-box\">\n            <h6 class=\"font12\">Description:<\/h6>\n<p>We are looking for an experienced Social Media Manager who will be responsible for developing and executing successful strategies to grow our presence on social platforms. The ideal candidate will be creative, organized, and have a strong sense of the latest social media trends and follower engagement.<\/p>\n<h6><strong>Main Responsibilities:<\/strong><\/h6>\n<ul>\n<li>Creating and executing a social media strategy that includes platforms such as Facebook, Instagram, LinkedIn, Twitter, etc.<\/li>\n<li>Planning and publishing regular, high-quality content to engage the audience and build the community.<\/li>\n<li>Monitoring and analyzing post performance and preparing monthly reports on key metrics.<\/li>\n<li>Managing communications with followers by responding to comments, messages, and various requests in a quick and polite manner.<\/li>\n<li>Creating and coordinating promotional campaigns to increase brand awareness and follower engagement.<\/li>\n<li>Using analytics tools to evaluate the success of campaigns and propose improvements.<\/li>\n<\/ul>\n            <a class=\"btn\" href=\"#\" target=\"_self\">Apply Now<\/a>        <\/div>\n    <\/div>\n\n    <div class=\"vc_empty_space\"   style=\"height: 40px\"><span class=\"vc_empty_space_inner\"><\/span><\/div><\/div><\/div><\/div><\/div><\/div><\/section>\n<\/div>","protected":false},"excerpt":{"rendered":"Vende Pune Mund\u00ebsi Pun\u00ebsimi Shiko pozicionet e hapura. M\u00eb posht\u00eb jan\u00eb listuar pozicionet e hapura t\u00eb pun\u00ebs pran Hello Studio. Vendi i duhur ku ambicia p\u00ebr tu rritur n\u00eb profesion nd\u00ebrthuret me mund\u00ebsit\u00eb reale. Dizenjues Grafik P\u00ebrshkrimi: Ne jemi n\u00eb k\u00ebrkim t\u00eb nj\u00eb Grafik Dizajneri t\u00eb talentuar dhe krijues p\u00ebr t'iu bashkuar ekipit ton\u00eb. Kandidati [...]","protected":false},"author":1,"featured_media":0,"parent":0,"menu_order":0,"comment_status":"closed","ping_status":"closed","template":"","meta":{"footnotes":""},"class_list":["post-1215","page","type-page","status-publish","hentry"],"yoast_head":"<!-- This site is optimized with the Yoast SEO plugin v27.1.1 - https:\/\/yoast.com\/product\/yoast-seo-wordpress\/ -->\n<title>Vende Pune - Hello Studio<\/title>\n<meta name=\"robots\" content=\"index, follow, max-snippet:-1, max-image-preview:large, max-video-preview:-1\" \/>\n<link rel=\"canonical\" href=\"https:\/\/hellostudio.al\/en\/jobs\/\" \/>\n<meta property=\"og:locale\" content=\"en_US\" \/>\n<meta property=\"og:type\" content=\"article\" \/>\n<meta property=\"og:title\" content=\"Vende Pune - Hello Studio\" \/>\n<meta property=\"og:url\" content=\"https:\/\/hellostudio.al\/en\/jobs\/\" \/>\n<meta property=\"og:site_name\" content=\"Hello Studio\" \/>\n<meta property=\"article:modified_time\" content=\"2024-09-27T09:23:39+00:00\" \/>\n<meta name=\"twitter:card\" content=\"summary_large_image\" \/>\n<meta name=\"twitter:label1\" content=\"Est. reading time\" \/>\n\t<meta name=\"twitter:data1\" content=\"2 minutes\" \/>\n<script type=\"application\/ld+json\" class=\"yoast-schema-graph\">{\"@context\":\"https:\/\/schema.org\",\"@graph\":[{\"@type\":\"WebPage\",\"@id\":\"https:\/\/hellostudio.al\/vende-pune\/\",\"url\":\"https:\/\/hellostudio.al\/vende-pune\/\",\"name\":\"Vende Pune - Hello Studio\",\"isPartOf\":{\"@id\":\"https:\/\/hellostudio.al\/#website\"},\"datePublished\":\"2019-03-22T07:05:25+00:00\",\"dateModified\":\"2024-09-27T09:23:39+00:00\",\"breadcrumb\":{\"@id\":\"https:\/\/hellostudio.al\/vende-pune\/#breadcrumb\"},\"inLanguage\":\"en-US\",\"potentialAction\":[{\"@type\":\"ReadAction\",\"target\":[\"https:\/\/hellostudio.al\/vende-pune\/\"]}]},{\"@type\":\"BreadcrumbList\",\"@id\":\"https:\/\/hellostudio.al\/vende-pune\/#breadcrumb\",\"itemListElement\":[{\"@type\":\"ListItem\",\"position\":1,\"name\":\"Home\",\"item\":\"https:\/\/hellostudio.al\/\"},{\"@type\":\"ListItem\",\"position\":2,\"name\":\"Vende Pune\"}]},{\"@type\":\"WebSite\",\"@id\":\"https:\/\/hellostudio.al\/#website\",\"url\":\"https:\/\/hellostudio.al\/\",\"name\":\"Hello Studio\",\"description\":\"\",\"publisher\":{\"@id\":\"https:\/\/hellostudio.al\/#organization\"},\"potentialAction\":[{\"@type\":\"SearchAction\",\"target\":{\"@type\":\"EntryPoint\",\"urlTemplate\":\"https:\/\/hellostudio.al\/?s={search_term_string}\"},\"query-input\":{\"@type\":\"PropertyValueSpecification\",\"valueRequired\":true,\"valueName\":\"search_term_string\"}}],\"inLanguage\":\"en-US\"},{\"@type\":\"Organization\",\"@id\":\"https:\/\/hellostudio.al\/#organization\",\"name\":\"Hello Studio\",\"url\":\"https:\/\/hellostudio.al\/\",\"logo\":{\"@type\":\"ImageObject\",\"inLanguage\":\"en-US\",\"@id\":\"https:\/\/hellostudio.al\/#\/schema\/logo\/image\/\",\"url\":\"https:\/\/hellostudio.al\/wp-content\/uploads\/2024\/09\/hello-logo.png\",\"contentUrl\":\"https:\/\/hellostudio.al\/wp-content\/uploads\/2024\/09\/hello-logo.png\",\"width\":3392,\"height\":943,\"caption\":\"Hello Studio\"},\"image\":{\"@id\":\"https:\/\/hellostudio.al\/#\/schema\/logo\/image\/\"}}]}<\/script>\n<!-- \/ Yoast SEO plugin. -->","yoast_head_json":{"title":"Jobs - Hello Studio","robots":{"index":"index","follow":"follow","max-snippet":"max-snippet:-1","max-image-preview":"max-image-preview:large","max-video-preview":"max-video-preview:-1"},"canonical":"https:\/\/hellostudio.al\/en\/jobs\/","og_locale":"en_US","og_type":"article","og_title":"Vende Pune - Hello Studio","og_url":"https:\/\/hellostudio.al\/en\/jobs\/","og_site_name":"Hello Studio","article_modified_time":"2024-09-27T09:23:39+00:00","twitter_card":"summary_large_image","twitter_misc":{"Est. reading time":"2 minutes"},"schema":{"@context":"https:\/\/schema.org","@graph":[{"@type":"WebPage","@id":"https:\/\/hellostudio.al\/vende-pune\/","url":"https:\/\/hellostudio.al\/vende-pune\/","name":"Jobs - Hello Studio","isPartOf":{"@id":"https:\/\/hellostudio.al\/#website"},"datePublished":"2019-03-22T07:05:25+00:00","dateModified":"2024-09-27T09:23:39+00:00","breadcrumb":{"@id":"https:\/\/hellostudio.al\/vende-pune\/#breadcrumb"},"inLanguage":"en-US","potentialAction":[{"@type":"ReadAction","target":["https:\/\/hellostudio.al\/vende-pune\/"]}]},{"@type":"BreadcrumbList","@id":"https:\/\/hellostudio.al\/vende-pune\/#breadcrumb","itemListElement":[{"@type":"ListItem","position":1,"name":"Home","item":"https:\/\/hellostudio.al\/"},{"@type":"ListItem","position":2,"name":"Vende Pune"}]},{"@type":"WebSite","@id":"https:\/\/hellostudio.al\/#website","url":"https:\/\/hellostudio.al\/","name":"Hello Studio","description":"","publisher":{"@id":"https:\/\/hellostudio.al\/#organization"},"potentialAction":[{"@type":"SearchAction","target":{"@type":"EntryPoint","urlTemplate":"https:\/\/hellostudio.al\/?s={search_term_string}"},"query-input":{"@type":"PropertyValueSpecification","valueRequired":true,"valueName":"search_term_string"}}],"inLanguage":"en-US"},{"@type":"Organization","@id":"https:\/\/hellostudio.al\/#organization","name":"Hello Studio","url":"https:\/\/hellostudio.al\/","logo":{"@type":"ImageObject","inLanguage":"en-US","@id":"https:\/\/hellostudio.al\/#\/schema\/logo\/image\/","url":"https:\/\/hellostudio.al\/wp-content\/uploads\/2024\/09\/hello-logo.png","contentUrl":"https:\/\/hellostudio.al\/wp-content\/uploads\/2024\/09\/hello-logo.png","width":3392,"height":943,"caption":"Hello Studio"},"image":{"@id":"https:\/\/hellostudio.al\/#\/schema\/logo\/image\/"}}]}},"_links":{"self":[{"href":"https:\/\/hellostudio.al\/en\/wp-json\/wp\/v2\/pages\/1215","targetHints":{"allow":["GET"]}}],"collection":[{"href":"https:\/\/hellostudio.al\/en\/wp-json\/wp\/v2\/pages"}],"about":[{"href":"https:\/\/hellostudio.al\/en\/wp-json\/wp\/v2\/types\/page"}],"author":[{"embeddable":true,"href":"https:\/\/hellostudio.al\/en\/wp-json\/wp\/v2\/users\/1"}],"replies":[{"embeddable":true,"href":"https:\/\/hellostudio.al\/en\/wp-json\/wp\/v2\/comments?post=1215"}],"version-history":[{"count":6,"href":"https:\/\/hellostudio.al\/en\/wp-json\/wp\/v2\/pages\/1215\/revisions"}],"predecessor-version":[{"id":2193,"href":"https:\/\/hellostudio.al\/en\/wp-json\/wp\/v2\/pages\/1215\/revisions\/2193"}],"wp:attachment":[{"href":"https:\/\/hellostudio.al\/en\/wp-json\/wp\/v2\/media?parent=1215"}],"curies":[{"name":"wp","href":"https:\/\/api.w.org\/{rel}","templated":true}]}}