{"id":1026,"date":"2019-03-18T08:33:54","date_gmt":"2019-03-18T08:33:54","guid":{"rendered":"http:\/\/localhost\/consultax\/?page_id=1026"},"modified":"2024-09-30T21:41:52","modified_gmt":"2024-09-30T21:41:52","slug":"about-us","status":"publish","type":"page","link":"https:\/\/hellostudio.al\/en\/about-us\/","title":{"rendered":"About Us"},"content":{"rendered":"<div class=\"wpb-content-wrapper\"><section class=\"wpb_row vc_row-fluid section-padd vc_row-o-equal-height vc_row-flex\"><div class=\"container\"><div class=\"vc_row\"><div class=\"wpb_column vc_column_container vc_col-sm-12\"><div class=\"vc_column-inner\"><div class=\"wpb_wrapper\">\n    <div class=\"section-head\">\n                    <h6><span>About Us<\/span><\/h6>\n                <h2 class=\"section-title\">We are Hello Studio<\/h2>\n            <\/div>\n\n\n\t<div class=\"wpb_text_column wpb_content_element vc_custom_1727698828492\" >\n\t\t<div class=\"wpb_wrapper\">\n\t\t\t<p>Our company, founded in 2019, offers a full range of services to meet your business needs in an ever-evolving digital world. We are committed to providing advanced solutions in the areas of <a href=\"https:\/\/hellostudio.al\/en\/we-offer\/business-email\/\">Email-it t\u00eb Biznesit<\/a>, <a href=\"https:\/\/hellostudio.al\/en\/we-offer\/punime-grafike\/\">Punimeve Grafike<\/a>, <a href=\"https:\/\/hellostudio.al\/en\/we-offer\/sherbime-digjitale\/\">Sh\u00ebrbimeve Digjitale<\/a>, <a href=\"https:\/\/hellostudio.al\/en\/we-offer\/marketing\/\">Marketingut<\/a>, <a href=\"https:\/\/hellostudio.al\/en\/we-offer\/web-design-programming\/\">Web Design &amp; Programming<\/a>, <a href=\"https:\/\/hellostudio.al\/en\/we-offer\/maintain-web\/\">Web Maintenance<\/a>, <a href=\"https:\/\/hellostudio.al\/en\/we-offer\/search-engine-optimization\/\">Optimizimit t\u00eb Motor\u00ebve t\u00eb K\u00ebrkimit<\/a>, <a href=\"https:\/\/hellostudio.al\/en\/we-offer\/domain-web-hosting\/\">Domain &amp; Web Hosting<\/a> dhe <a href=\"https:\/\/hellostudio.al\/en\/we-offer\/konsulta-biznesi\/\">Konsult\u00ebs Biznesi<\/a>.<\/p>\n\n\t\t<\/div>\n\t<\/div>\n\n    <div class=\"section-head\">\n                    <h6><span>What do we do?<\/span><\/h6>\n                <h2 class=\"section-title\">Integrity, Teamwork, Quality, Respect<\/h2>\n            <\/div>\n\n\n\t<div class=\"wpb_text_column wpb_content_element\" >\n\t\t<div class=\"wpb_wrapper\">\n\t\t\t<p>Our team of experts works closely with clients to create strategies and solutions that are specifically tailored to their needs. We believe that every business is unique, which is why we offer personalized services that help grow your online presence and optimize your operations.<\/p>\n<p>With our experience and deep knowledge in the digital industry, we are here to help you achieve your goals and maximize the potential of your business. Let's work together to create a brighter future for your business!<\/p>\n\n\t\t<\/div>\n\t<\/div>\n<\/div><\/div><\/div><\/div><\/div><\/section><section class=\"wpb_row vc_row-fluid mobile-padd vc_custom_1727732502559 vc_row-has-fill\"><div class=\"container\"><div class=\"vc_row\"><div class=\"wpb_column vc_column_container vc_col-sm-12\"><div class=\"vc_column-inner\"><div class=\"wpb_wrapper\">\n    <div class=\"section-head  text-light\">\n                    <h6><span>achievements and statistics<\/span><\/h6>\n                <h2 class=\"section-title\">5 years of our operation<\/h2>\n            <\/div>\n\n<div class=\"vc_empty_space\"   style=\"height: 12px\"><span class=\"vc_empty_space_inner\"><\/span><\/div><\/div><\/div><\/div><div class=\"wpb_column vc_column_container vc_col-sm-4\"><div class=\"vc_column-inner vc_custom_1553072483755\"><div class=\"wpb_wrapper\">\n        <div class=\"fun-facts  bg-light\">\n        <div class=\"icon-fact\">\n                        <i class=\"ion ion-md-ion ion-ios-people ion-logo-ion ion-ios-people\"><\/i>        <\/div>\n        <h4><span class=\"number text-primary bolder\" data-to=\"100\" data-inviewport=\"yes\">0<\/span> <span class=\"bolder text-primary\">Client<\/span> satisfied<\/h4>\n    <\/div>\n    \n    <div class=\"vc_empty_space  lg-hidden md-hidden\"   style=\"height: 30px\"><span class=\"vc_empty_space_inner\"><\/span><\/div><\/div><\/div><\/div><div class=\"wpb_column vc_column_container vc_col-sm-4\"><div class=\"vc_column-inner vc_custom_1553072489777\"><div class=\"wpb_wrapper\">\n        <div class=\"fun-facts  bg-light\">\n        <div class=\"icon-fact\">\n                        <i class=\"ion ion-md-ion ion-ios-document ion-logo-ion ion-ios-document\"><\/i>        <\/div>\n        <h4><span class=\"number text-primary bolder\" data-to=\"430\" data-inviewport=\"yes\">0<\/span> <span class=\"bolder text-primary\">projects<\/span> finished<\/h4>\n    <\/div>\n    \n    <div class=\"vc_empty_space  lg-hidden md-hidden\"   style=\"height: 30px\"><span class=\"vc_empty_space_inner\"><\/span><\/div><\/div><\/div><\/div><div class=\"wpb_column vc_column_container vc_col-sm-4\"><div class=\"vc_column-inner vc_custom_1553072493585\"><div class=\"wpb_wrapper\">\n        <div class=\"fun-facts  bg-light\">\n        <div class=\"icon-fact\">\n                        <i class=\"ion ion-md-ion ion-ios-person ion-logo-ion ion-ios-person\"><\/i>        <\/div>\n        <h4><span class=\"number text-primary bolder\" data-to=\"7\" data-inviewport=\"yes\">0<\/span> <span class=\"bolder text-primary\">expert<\/span> engaged<\/h4>\n    <\/div>\n    \n    <\/div><\/div><\/div><\/div><\/div><\/section><section class=\"wpb_row vc_row-fluid section-padd\"><div class=\"container\"><div class=\"vc_row\"><div class=\"wpb_column vc_column_container vc_col-sm-12\"><div class=\"vc_column-inner\"><div class=\"wpb_wrapper\">\n    <div class=\"section-head\">\n                    <h6><span>Contact us<\/span><\/h6>\n                <h2 class=\"section-title\">How can we help?<\/h2>\n            <\/div>\n\n<div class=\"vc_empty_space\"   style=\"height: 12px\"><span class=\"vc_empty_space_inner\"><\/span><\/div>\n<div class=\"wpcf7 no-js\" id=\"wpcf7-f1128-o1\" lang=\"en-US\" dir=\"ltr\">\n<div class=\"screen-reader-response\"><p role=\"status\" aria-live=\"polite\" aria-atomic=\"true\"><\/p> <ul><\/ul><\/div>\n<form action=\"\/en\/wp-json\/wp\/v2\/pages\/1026#wpcf7-f1128-o1\" method=\"post\" class=\"wpcf7-form init\" aria-label=\"Contact form\" novalidate=\"novalidate\" data-status=\"init\" data-trp-original-action=\"\/en\/wp-json\/wp\/v2\/pages\/1026#wpcf7-f1128-o1\">\n<div style=\"display: none;\">\n<input type=\"hidden\" name=\"_wpcf7\" value=\"1128\" \/>\n<input type=\"hidden\" name=\"_wpcf7_version\" value=\"5.9.8\" \/>\n<input type=\"hidden\" name=\"_wpcf7_locale\" value=\"en_US\" \/>\n<input type=\"hidden\" name=\"_wpcf7_unit_tag\" value=\"wpcf7-f1128-o1\" \/>\n<input type=\"hidden\" name=\"_wpcf7_container_post\" value=\"0\" \/>\n<input type=\"hidden\" name=\"_wpcf7_posted_data_hash\" value=\"\" \/>\n<\/div>\n<div class=\"row\">\n\t<div class=\"col-md-6\">\n\t\t<p><span class=\"wpcf7-form-control-wrap\" data-name=\"your-name\"><input size=\"40\" maxlength=\"400\" class=\"wpcf7-form-control wpcf7-text wpcf7-validates-as-required\" aria-required=\"true\" aria-invalid=\"false\" placeholder=\"Your Name\" value=\"\" type=\"text\" name=\"your-name\" \/><\/span>\n\t\t<\/p>\n\t<\/div>\n\t<div class=\"col-md-6\">\n\t\t<p><span class=\"wpcf7-form-control-wrap\" data-name=\"your-email\"><input size=\"40\" maxlength=\"400\" class=\"wpcf7-form-control wpcf7-email wpcf7-validates-as-required wpcf7-text wpcf7-validates-as-email\" aria-required=\"true\" aria-invalid=\"false\" placeholder=\"Email Address\" value=\"\" type=\"email\" name=\"your-email\" \/><\/span>\n\t\t<\/p>\n\t<\/div>\n<\/div>\n<div class=\"contact-mess\">\n\t<p><span class=\"wpcf7-form-control-wrap\" data-name=\"your-message\"><textarea cols=\"40\" rows=\"10\" maxlength=\"2000\" class=\"wpcf7-form-control wpcf7-textarea wpcf7-validates-as-required\" aria-required=\"true\" aria-invalid=\"false\" placeholder=\"Messenger\" name=\"your-message\"><\/textarea><\/span>\n\t<\/p>\n<\/div>\n<p><input class=\"wpcf7-form-control wpcf7-submit has-spinner btn\" type=\"submit\" value=\"SUBMIT\" \/>\n<\/p><div class=\"wpcf7-response-output\" aria-hidden=\"true\"><\/div>\n<input type=\"hidden\" name=\"trp-form-language\" value=\"en\"\/><\/form>\n<\/div>\n<div class=\"vc_empty_space  lg-hidden md-hidden\"   style=\"height: 30px\"><span class=\"vc_empty_space_inner\"><\/span><\/div><\/div><\/div><\/div><\/div><\/div><\/section>\n<\/div>","protected":false},"excerpt":{"rendered":"Rreth Nesh Ne jemi Hello Studio Kompania jon\u00eb, e themeluar n\u00eb vitin 2019, ofron nj\u00eb gam\u00eb t\u00eb plot\u00eb sh\u00ebrbimesh p\u00ebr t\u00eb p\u00ebrmbushur nevojat e biznesit tuaj n\u00eb nj\u00eb bot\u00eb gjithnj\u00eb n\u00eb zhvillim digjital. Ne jemi t\u00eb p\u00ebrkushtuar p\u00ebr t\u00eb ofruar zgjidhje t\u00eb avancuara n\u00eb fushat e Email-it t\u00eb Biznesit, Punimeve Grafike, Sh\u00ebrbimeve Digjitale, Marketingut, Web [...]","protected":false},"author":1,"featured_media":0,"parent":0,"menu_order":0,"comment_status":"closed","ping_status":"closed","template":"","meta":{"footnotes":""},"class_list":["post-1026","page","type-page","status-publish","hentry"],"yoast_head":"<!-- This site is optimized with the Yoast SEO plugin v27.1.1 - https:\/\/yoast.com\/product\/yoast-seo-wordpress\/ -->\n<title>Rreth Nesh - Hello Studio<\/title>\n<meta name=\"robots\" content=\"index, follow, max-snippet:-1, max-image-preview:large, max-video-preview:-1\" \/>\n<link rel=\"canonical\" href=\"https:\/\/hellostudio.al\/en\/about-us\/\" \/>\n<meta property=\"og:locale\" content=\"en_US\" \/>\n<meta property=\"og:type\" content=\"article\" \/>\n<meta property=\"og:title\" content=\"Rreth Nesh - Hello Studio\" \/>\n<meta property=\"og:url\" content=\"https:\/\/hellostudio.al\/en\/about-us\/\" \/>\n<meta property=\"og:site_name\" content=\"Hello Studio\" \/>\n<meta property=\"article:modified_time\" content=\"2024-09-30T21:41:52+00:00\" \/>\n<meta name=\"twitter:card\" content=\"summary_large_image\" \/>\n<meta name=\"twitter:label1\" content=\"Est. reading time\" \/>\n\t<meta name=\"twitter:data1\" content=\"2 minutes\" \/>\n<script type=\"application\/ld+json\" class=\"yoast-schema-graph\">{\"@context\":\"https:\/\/schema.org\",\"@graph\":[{\"@type\":\"WebPage\",\"@id\":\"https:\/\/hellostudio.al\/rreth-nesh\/\",\"url\":\"https:\/\/hellostudio.al\/rreth-nesh\/\",\"name\":\"Rreth Nesh - Hello Studio\",\"isPartOf\":{\"@id\":\"https:\/\/hellostudio.al\/#website\"},\"datePublished\":\"2019-03-18T08:33:54+00:00\",\"dateModified\":\"2024-09-30T21:41:52+00:00\",\"breadcrumb\":{\"@id\":\"https:\/\/hellostudio.al\/rreth-nesh\/#breadcrumb\"},\"inLanguage\":\"en-US\",\"potentialAction\":[{\"@type\":\"ReadAction\",\"target\":[\"https:\/\/hellostudio.al\/rreth-nesh\/\"]}]},{\"@type\":\"BreadcrumbList\",\"@id\":\"https:\/\/hellostudio.al\/rreth-nesh\/#breadcrumb\",\"itemListElement\":[{\"@type\":\"ListItem\",\"position\":1,\"name\":\"Home\",\"item\":\"https:\/\/hellostudio.al\/\"},{\"@type\":\"ListItem\",\"position\":2,\"name\":\"Rreth Nesh\"}]},{\"@type\":\"WebSite\",\"@id\":\"https:\/\/hellostudio.al\/#website\",\"url\":\"https:\/\/hellostudio.al\/\",\"name\":\"Hello Studio\",\"description\":\"\",\"publisher\":{\"@id\":\"https:\/\/hellostudio.al\/#organization\"},\"potentialAction\":[{\"@type\":\"SearchAction\",\"target\":{\"@type\":\"EntryPoint\",\"urlTemplate\":\"https:\/\/hellostudio.al\/?s={search_term_string}\"},\"query-input\":{\"@type\":\"PropertyValueSpecification\",\"valueRequired\":true,\"valueName\":\"search_term_string\"}}],\"inLanguage\":\"en-US\"},{\"@type\":\"Organization\",\"@id\":\"https:\/\/hellostudio.al\/#organization\",\"name\":\"Hello Studio\",\"url\":\"https:\/\/hellostudio.al\/\",\"logo\":{\"@type\":\"ImageObject\",\"inLanguage\":\"en-US\",\"@id\":\"https:\/\/hellostudio.al\/#\/schema\/logo\/image\/\",\"url\":\"https:\/\/hellostudio.al\/wp-content\/uploads\/2024\/09\/hello-logo.png\",\"contentUrl\":\"https:\/\/hellostudio.al\/wp-content\/uploads\/2024\/09\/hello-logo.png\",\"width\":3392,\"height\":943,\"caption\":\"Hello Studio\"},\"image\":{\"@id\":\"https:\/\/hellostudio.al\/#\/schema\/logo\/image\/\"}}]}<\/script>\n<!-- \/ Yoast SEO plugin. -->","yoast_head_json":{"title":"About Us - Hello Studio","robots":{"index":"index","follow":"follow","max-snippet":"max-snippet:-1","max-image-preview":"max-image-preview:large","max-video-preview":"max-video-preview:-1"},"canonical":"https:\/\/hellostudio.al\/en\/about-us\/","og_locale":"en_US","og_type":"article","og_title":"Rreth Nesh - Hello Studio","og_url":"https:\/\/hellostudio.al\/en\/about-us\/","og_site_name":"Hello Studio","article_modified_time":"2024-09-30T21:41:52+00:00","twitter_card":"summary_large_image","twitter_misc":{"Est. reading time":"2 minutes"},"schema":{"@context":"https:\/\/schema.org","@graph":[{"@type":"WebPage","@id":"https:\/\/hellostudio.al\/rreth-nesh\/","url":"https:\/\/hellostudio.al\/rreth-nesh\/","name":"About Us - Hello Studio","isPartOf":{"@id":"https:\/\/hellostudio.al\/#website"},"datePublished":"2019-03-18T08:33:54+00:00","dateModified":"2024-09-30T21:41:52+00:00","breadcrumb":{"@id":"https:\/\/hellostudio.al\/rreth-nesh\/#breadcrumb"},"inLanguage":"en-US","potentialAction":[{"@type":"ReadAction","target":["https:\/\/hellostudio.al\/rreth-nesh\/"]}]},{"@type":"BreadcrumbList","@id":"https:\/\/hellostudio.al\/rreth-nesh\/#breadcrumb","itemListElement":[{"@type":"ListItem","position":1,"name":"Home","item":"https:\/\/hellostudio.al\/"},{"@type":"ListItem","position":2,"name":"Rreth Nesh"}]},{"@type":"WebSite","@id":"https:\/\/hellostudio.al\/#website","url":"https:\/\/hellostudio.al\/","name":"Hello Studio","description":"","publisher":{"@id":"https:\/\/hellostudio.al\/#organization"},"potentialAction":[{"@type":"SearchAction","target":{"@type":"EntryPoint","urlTemplate":"https:\/\/hellostudio.al\/?s={search_term_string}"},"query-input":{"@type":"PropertyValueSpecification","valueRequired":true,"valueName":"search_term_string"}}],"inLanguage":"en-US"},{"@type":"Organization","@id":"https:\/\/hellostudio.al\/#organization","name":"Hello Studio","url":"https:\/\/hellostudio.al\/","logo":{"@type":"ImageObject","inLanguage":"en-US","@id":"https:\/\/hellostudio.al\/#\/schema\/logo\/image\/","url":"https:\/\/hellostudio.al\/wp-content\/uploads\/2024\/09\/hello-logo.png","contentUrl":"https:\/\/hellostudio.al\/wp-content\/uploads\/2024\/09\/hello-logo.png","width":3392,"height":943,"caption":"Hello Studio"},"image":{"@id":"https:\/\/hellostudio.al\/#\/schema\/logo\/image\/"}}]}},"_links":{"self":[{"href":"https:\/\/hellostudio.al\/en\/wp-json\/wp\/v2\/pages\/1026","targetHints":{"allow":["GET"]}}],"collection":[{"href":"https:\/\/hellostudio.al\/en\/wp-json\/wp\/v2\/pages"}],"about":[{"href":"https:\/\/hellostudio.al\/en\/wp-json\/wp\/v2\/types\/page"}],"author":[{"embeddable":true,"href":"https:\/\/hellostudio.al\/en\/wp-json\/wp\/v2\/users\/1"}],"replies":[{"embeddable":true,"href":"https:\/\/hellostudio.al\/en\/wp-json\/wp\/v2\/comments?post=1026"}],"version-history":[{"count":7,"href":"https:\/\/hellostudio.al\/en\/wp-json\/wp\/v2\/pages\/1026\/revisions"}],"predecessor-version":[{"id":2259,"href":"https:\/\/hellostudio.al\/en\/wp-json\/wp\/v2\/pages\/1026\/revisions\/2259"}],"wp:attachment":[{"href":"https:\/\/hellostudio.al\/en\/wp-json\/wp\/v2\/media?parent=1026"}],"curies":[{"name":"wp","href":"https:\/\/api.w.org\/{rel}","templated":true}]}}